{"id":385,"date":"2015-12-28T21:35:54","date_gmt":"2015-12-28T19:35:54","guid":{"rendered":"http:\/\/vakantiehuisverhuurboogaard.nl\/?page_id=385"},"modified":"2016-03-28T16:02:01","modified_gmt":"2016-03-28T14:02:01","slug":"home-ausfuhrlicher-beschreibung","status":"publish","type":"page","link":"https:\/\/vakantiehuisverhuurboogaard.nl\/index.php\/home-ausfuhrlicher-beschreibung\/","title":{"rendered":"Deutsch"},"content":{"rendered":"<p><span style=\"font-family: arial, helvetica, sans-serif; font-size: 10pt;\">Willkommen bei Vakantiehuis verhuur Boogaard<\/span><\/p>\n<p><span style=\"font-family: arial, helvetica, sans-serif; font-size: 10pt;\">2 Geschmackvolle und moderne, extra ger\u00e4umige, dekoriert in hellen Farbt\u00f6nen, neu renovierte Ferienh\u00e4user, f\u00fcr 6 Personen im Park Duinland in St. Maartenszee. Nur 900 Meter vom sch\u00f6nen Sandstrand entfernt. Im ruhige Park gibt es 3 kleine Spielpl\u00e4tze, ein Tennisplatz sowie Tischtennisplatten.<\/span><\/p>\n<p><span style=\"font-family: arial, helvetica, sans-serif; font-size: 10pt;\">Der Wohnbereich mit gem\u00fctlicher Sitzecke und 2 Fauteuils mit Flatscreen-TV (dig. Empfang, deutschen Sendern), WLan, und Radio\/USB\/CD-Spieler l\u00e4dt zu geselligen Abenden ein und durch die Schiebet\u00fcr haben Sie Kontakt mit dem Garten.<\/span><\/p>\n<p><span style=\"font-family: arial, helvetica, sans-serif; font-size: 10pt;\">Bei dem Esstisch f\u00fcr 6 Personen in der K\u00fcche hat man viel Komfort mit Geschirrsp\u00fcler, Backofen\/Mikrowellenkombination, grossem K\u00fchlschrank mit Tiefk\u00fchlschrank, Senseo, Kaffeemaschine, Wasserkocher und Toaster. \u00a0<\/span><\/p>\n<p><span style=\"font-family: arial, helvetica, sans-serif; font-size: 10pt;\">Auch das Baddezimmer mit grosser Duschkabine, Waschbecken und Toilette ist hell und modern und hat eine Fussbodenheizung. 2 Kleiderhaken sind anwesend und auch einen ger\u00e4umige Handtuchhalter. Der F\u00f6hn liegt im Schrank des Hauptschlafzimmer. \u00dcber die Toilette ist gen\u00fcgend Raum f\u00fcr Toilettenartikel, Beautycase und Handt\u00fccher. Auch unter der Sp\u00fcle ist ein Brett f\u00fcr das wegr\u00e4umen von Sachen gemacht und darunter steht ein Papierkorbchen.<\/span><\/p>\n<p><span style=\"font-family: arial, helvetica, sans-serif; font-size: 10pt;\">Das Ferienhaus hat 3 Schlafzimmer. Das Hauptschlafzimmer mit einem grossen Doppelbett (2 Matrazen 90&#215;210) und 2 Nachttische mit 2 Tischlampchen, hat auch ein grosses Schrank, ein Stuhl, ein Ankleidespiegel, \u00a0Kleiderhaken,\u00a0 ein Nachtlamp, ein Radiowecker und einem VerdunkelungRouleau .<\/span><\/p>\n<p><span style=\"font-family: arial, helvetica, sans-serif; font-size: 10pt;\">Schlafzimmer 2 ist nicht gross aber gem\u00fctlich und hat 2 Einzelbetten (80&#215;200) und auch ein grosses Schrank, und 1 Nachttisch, 2 Tischlampchen, Kleiderhaken, ein Ankleidespiegel und ein Radiowecker und einem VerdunkelungRouleau .<\/span><\/p>\n<p><span style=\"font-family: arial, helvetica, sans-serif; font-size: 10pt;\">Schlafzimmer 3 ist nur zug\u00e4nglich durch das Elternschlafzimmer und dort steht ein Etagenbett (2 Matrazen 90 x 200) und hat auch ein grosses Schrank\u00a0 und 2 B\u00fccherbrette mit 2 Tischlampchen,\u00a0 ein Stuhl, ein Ankleidespiegel,\u00a0 Kleiderhaken,\u00a0 ein Nachtlamp, und einem VerdunkelungRouleau.<\/span><\/p>\n<p><span style=\"font-family: arial, helvetica, sans-serif; font-size: 10pt;\">Auf Wunsch k\u00f6nnen Kinderbett und Kinderstuhl ins Ferienhaus gestellt werden.<\/span><\/p>\n<p><span style=\"font-family: arial, helvetica, sans-serif; font-size: 10pt;\">Ein Haustier ist wilkommen in userem umz\u00e4unten Garten (120m2) (Flucht ist nicht m\u00f6glich) mit 2 Sonnenliegen, Sonnenschirm, Bollerwagen, Trockenspinne und ausreichende Gartenm\u00f6bel (6 + Tisch) und BBQ.<\/span><\/p>\n<p><span style=\"font-family: arial, helvetica, sans-serif; font-size: 10pt;\">In der Umgebung gibt es mehr als genug zu tun f\u00fcr Jung und Alt in diesem K\u00fcstenort an der Nordsee, aber Raum und Ruhe stehen immer im Vordergrund.Die Natur ist der gr\u00f6\u00dfte \u201cAnziehungspunkt\u201d in Sint Maartenszee. Die D\u00fcnen und der wunderbare Strand bringen die Urlauber Jahr um Jahr zur\u00fcck an dieses wundersch\u00f6ne St\u00fcck K\u00fcste von Nordholland. Es gibt viele sch\u00f6ne St\u00e4dte, D\u00f6rfer und Museen zu besuchen, auch mit dem Fahrrad oder mit dem Auto m\u00fcssen Sie nicht weit fahren<\/span><\/p>\n<p><span style=\"font-family: arial, helvetica, sans-serif; font-size: 10pt;\">Bettw\u00e4sche \u20ac 10 pro Person (auch f\u00fcr das Kinderbett m\u00f6glich), Handt\u00fccher \u20ac 10,- (12 St\u00fcck und 4+4 K\u00fcchent\u00fccher) ist m\u00f6glich zu mieten.<\/span><\/p>\n<p><span style=\"font-family: arial, helvetica, sans-serif; font-size: 10pt;\">Kinderbett und Kinderstuhl werden auf Wunsch ins Haus gestellt.<\/span><\/p>\n","protected":false},"excerpt":{"rendered":"<p>Willkommen bei Vakantiehuis verhuur Boogaard 2 Geschmackvolle und moderne, extra ger\u00e4umige, dekoriert in hellen Farbt\u00f6nen, neu renovierte Ferienh\u00e4user, f\u00fcr 6 Personen im Park Duinland in St. Maartenszee. Nur 900 Meter vom sch\u00f6nen Sandstrand entfernt. Im ruhige Park gibt es 3 kleine Spielpl\u00e4tze, ein Tennisplatz sowie Tischtennisplatten. Der Wohnbereich mit gem\u00fctlicher Sitzecke und 2 Fauteuils mit &hellip; <a href=\"https:\/\/vakantiehuisverhuurboogaard.nl\/index.php\/home-ausfuhrlicher-beschreibung\/\" class=\"more-link\">Lees verder <span class=\"screen-reader-text\">Deutsch<\/span><\/a><\/p>\n","protected":false},"author":1,"featured_media":0,"parent":0,"menu_order":0,"comment_status":"closed","ping_status":"closed","template":"","meta":[],"_links":{"self":[{"href":"https:\/\/vakantiehuisverhuurboogaard.nl\/index.php\/wp-json\/wp\/v2\/pages\/385"}],"collection":[{"href":"https:\/\/vakantiehuisverhuurboogaard.nl\/index.php\/wp-json\/wp\/v2\/pages"}],"about":[{"href":"https:\/\/vakantiehuisverhuurboogaard.nl\/index.php\/wp-json\/wp\/v2\/types\/page"}],"author":[{"embeddable":true,"href":"https:\/\/vakantiehuisverhuurboogaard.nl\/index.php\/wp-json\/wp\/v2\/users\/1"}],"replies":[{"embeddable":true,"href":"https:\/\/vakantiehuisverhuurboogaard.nl\/index.php\/wp-json\/wp\/v2\/comments?post=385"}],"version-history":[{"count":11,"href":"https:\/\/vakantiehuisverhuurboogaard.nl\/index.php\/wp-json\/wp\/v2\/pages\/385\/revisions"}],"predecessor-version":[{"id":413,"href":"https:\/\/vakantiehuisverhuurboogaard.nl\/index.php\/wp-json\/wp\/v2\/pages\/385\/revisions\/413"}],"wp:attachment":[{"href":"https:\/\/vakantiehuisverhuurboogaard.nl\/index.php\/wp-json\/wp\/v2\/media?parent=385"}],"curies":[{"name":"wp","href":"https:\/\/api.w.org\/{rel}","templated":true}]}}